
{"id":2502,"date":"2025-04-28T23:05:32","date_gmt":"2025-04-28T21:05:32","guid":{"rendered":"https:\/\/evaluacion.bancrecer.com.ve\/?page_id=2502"},"modified":"2025-07-31T14:49:14","modified_gmt":"2025-07-31T12:49:14","slug":"fin-de-campana","status":"publish","type":"page","link":"https:\/\/evaluacion.bancrecer.com.ve\/","title":{"rendered":"fin de campa\u00f1a"},"content":{"rendered":"\n<div class=\"wp-block-group alignfull hero_fin has-background is-vertical is-content-justification-center is-layout-flex wp-container-core-group-is-layout-2 wp-block-group-is-layout-flex\" style=\"background-color:#644597;padding-top:var(--wp--preset--spacing--40);padding-right:var(--wp--preset--spacing--30);padding-bottom:var(--wp--preset--spacing--40);padding-left:var(--wp--preset--spacing--30)\">\n<div class=\"wp-block-group alignwide is-vertical is-content-justification-center is-layout-flex wp-container-core-group-is-layout-1 wp-block-group-is-layout-flex\"><div class=\"wp-block-site-logo\"><a href=\"https:\/\/evaluacion.bancrecer.com.ve\/\" class=\"custom-logo-link\" rel=\"home\"><img loading=\"lazy\" decoding=\"async\" width=\"250\" height=\"70\" src=\"https:\/\/evaluacion.bancrecer.com.ve\/wp-content\/uploads\/2025\/04\/Logo-1-9-1.png\" class=\"custom-logo\" alt=\"Bancrecer Evaluaci\u00f3n\" \/><\/a><\/div>\n\n\n<p class=\"has-text-align-center has-white-color has-text-color has-link-color has-x-large-font-size wp-elements-f7e2ff09627b1d2393bf5fee7162580c\" style=\"font-style:normal;font-weight:700;text-decoration:none\">Nuestra campa\u00f1a de microcr\u00e9dito de Julio ha finalizado<\/p>\n<\/div>\n<\/div>\n\n\n\n<div class=\"wp-block-group entrar_desk has-background\" style=\"background-color:#f0dcff\"><div class=\"wp-block-group__inner-container is-layout-constrained wp-block-group-is-layout-constrained\">\n<div class=\"wp-block-columns are-vertically-aligned-center col_entrar is-layout-flex wp-container-core-columns-is-layout-1 wp-block-columns-is-layout-flex\">\n<div class=\"wp-block-column is-vertically-aligned-center is-layout-flow wp-block-column-is-layout-flow\" style=\"flex-basis:50%\">\n<p class=\"has-text-align-right has-text-color has-link-color wp-elements-94eadbc8a8ca33db10283a5c6c74c9f8\" style=\"color:#664798;font-size:56px;font-style:normal;font-weight:800\">\u00bfNo lograste  entrar?<\/p>\n\n\n\n<div style=\"height:20px\" aria-hidden=\"true\" class=\"wp-block-spacer\"><\/div>\n\n\n\n<p class=\"has-text-align-right has-medium-font-size\" style=\"font-style:normal;font-weight:600\">Tu oportunidad puede estar m\u00e1s cerca de lo que crees.<\/p>\n\n\n\n<div style=\"height:20px\" aria-hidden=\"true\" class=\"wp-block-spacer\"><\/div>\n\n\n\n<p class=\"has-text-align-right has-text-color has-link-color has-medium-font-size wp-elements-60b0e6f207bf90e464d4db2d0297d669\" style=\"color:#664798;font-style:normal;font-weight:700\">\u00a1Act\u00edvate para inicios de Agosto!<\/p>\n<\/div>\n\n\n\n<div class=\"wp-block-column is-vertically-aligned-center is-layout-flow wp-block-column-is-layout-flow\" style=\"flex-basis:50%\">\n<div class=\"wp-block-cover is-light\" style=\"min-height:500px;aspect-ratio:unset;\"><span aria-hidden=\"true\" class=\"wp-block-cover__background has-white-background-color has-background-dim-0 has-background-dim\"><\/span><img loading=\"lazy\" decoding=\"async\" width=\"1625\" height=\"1944\" class=\"wp-block-cover__image-background wp-image-2550\" alt=\"\" src=\"https:\/\/evaluacion.bancrecer.com.ve\/wp-content\/uploads\/2025\/04\/Group-119-1.png\" style=\"object-position:52% 20%\" data-object-fit=\"cover\" data-object-position=\"52% 20%\" srcset=\"https:\/\/evaluacion.bancrecer.com.ve\/wp-content\/uploads\/2025\/04\/Group-119-1.png 1625w, https:\/\/evaluacion.bancrecer.com.ve\/wp-content\/uploads\/2025\/04\/Group-119-1-251x300.png 251w, https:\/\/evaluacion.bancrecer.com.ve\/wp-content\/uploads\/2025\/04\/Group-119-1-856x1024.png 856w, https:\/\/evaluacion.bancrecer.com.ve\/wp-content\/uploads\/2025\/04\/Group-119-1-768x919.png 768w, https:\/\/evaluacion.bancrecer.com.ve\/wp-content\/uploads\/2025\/04\/Group-119-1-1284x1536.png 1284w\" sizes=\"auto, (max-width: 1625px) 100vw, 1625px\" \/><div class=\"wp-block-cover__inner-container is-layout-constrained wp-block-cover-is-layout-constrained\">\n<p class=\"has-text-align-center has-large-font-size\"><\/p>\n<\/div><\/div>\n<\/div>\n<\/div>\n<\/div><\/div>\n\n\n\n<div class=\"wp-block-group entrar_mobile has-background\" style=\"background-color:#f0dcff\"><div class=\"wp-block-group__inner-container is-layout-constrained wp-block-group-is-layout-constrained\">\n<div class=\"wp-block-columns col_entrar is-layout-flex wp-container-core-columns-is-layout-2 wp-block-columns-is-layout-flex\">\n<div class=\"wp-block-column is-layout-flow wp-block-column-is-layout-flow\" style=\"flex-basis:25%\"><\/div>\n\n\n\n<div class=\"wp-block-column is-layout-flow wp-block-column-is-layout-flow\" style=\"flex-basis:50%\">\n<p class=\"has-text-align-center has-text-color has-link-color has-large-font-size wp-elements-a17f62ff9a071282482775a1b3bb6c51\" style=\"color:#664798;font-style:normal;font-weight:700\">\u00bfNo lograste entrar?<\/p>\n\n\n<div class=\"wp-block-image\">\n<figure class=\"aligncenter size-medium\"><img loading=\"lazy\" decoding=\"async\" width=\"251\" height=\"300\" src=\"https:\/\/evaluacion.bancrecer.com.ve\/wp-content\/uploads\/2025\/04\/Group-119-1-251x300.png\" alt=\"\" class=\"wp-image-2550\" srcset=\"https:\/\/evaluacion.bancrecer.com.ve\/wp-content\/uploads\/2025\/04\/Group-119-1-251x300.png 251w, https:\/\/evaluacion.bancrecer.com.ve\/wp-content\/uploads\/2025\/04\/Group-119-1-856x1024.png 856w, https:\/\/evaluacion.bancrecer.com.ve\/wp-content\/uploads\/2025\/04\/Group-119-1-768x919.png 768w, https:\/\/evaluacion.bancrecer.com.ve\/wp-content\/uploads\/2025\/04\/Group-119-1-1284x1536.png 1284w, https:\/\/evaluacion.bancrecer.com.ve\/wp-content\/uploads\/2025\/04\/Group-119-1.png 1625w\" sizes=\"auto, (max-width: 251px) 100vw, 251px\" \/><\/figure><\/div>\n\n\n<p class=\"has-text-align-center has-text-color has-link-color has-large-font-size wp-elements-daf5da7a340e5a2a114403fa1c29bad2\" style=\"color:#664798;font-style:normal;font-weight:700\">\u00a1Act\u00edvate para inicios de Agosto! <\/p>\n\n\n\n<div style=\"height:20px\" aria-hidden=\"true\" class=\"wp-block-spacer\"><\/div>\n\n\n\n<p class=\"has-text-align-center has-medium-font-size\" style=\"font-style:normal;font-weight:700\">Tu oportunidad puede estar m\u00e1s cerca de lo que crees.<\/p>\n\n\n\n<div style=\"height:20px\" aria-hidden=\"true\" class=\"wp-block-spacer\"><\/div>\n<\/div>\n\n\n\n<div class=\"wp-block-column is-layout-flow wp-block-column-is-layout-flow\" style=\"flex-basis:25%\"><\/div>\n<\/div>\n<\/div><\/div>\n\n\n\n<div class=\"wp-block-group has-black-background-color has-background\"><div class=\"wp-block-group__inner-container is-layout-constrained wp-block-group-is-layout-constrained\">\n<div class=\"wp-block-columns is-layout-flex wp-container-core-columns-is-layout-5 wp-block-columns-is-layout-flex\">\n<div class=\"wp-block-column is-vertically-aligned-stretch is-layout-flow wp-block-column-is-layout-flow\">\n<div class=\"wp-block-group is-content-justification-center is-nowrap is-layout-flex wp-container-core-group-is-layout-5 wp-block-group-is-layout-flex\">\n<div class=\"wp-block-columns col_negra is-layout-flex wp-container-core-columns-is-layout-3 wp-block-columns-is-layout-flex\">\n<div class=\"wp-block-column is-layout-flow wp-block-column-is-layout-flow\"><div class=\"wp-block-image\">\n<figure class=\"alignright size-full\"><img decoding=\"async\" src=\"https:\/\/evaluacion.bancrecer.com.ve\/wp-content\/uploads\/2025\/04\/image-32.png\" alt=\"\" class=\"wp-image-679\"\/><\/figure><\/div><\/div>\n\n\n\n<div class=\"wp-block-column is-vertically-aligned-center is-layout-flow wp-block-column-is-layout-flow\">\n<p class=\"has-text-align-left has-white-color has-text-color has-link-color has-medium-font-size wp-elements-c9ce97ca7715d73e0e13b04f7bcb9b9c\" style=\"font-style:normal;font-weight:700\">\u00a1Mant\u00e9n tus datos actualizados para una mejor experiencia!<br><br>Actualiza tu expediente<br>en la agencia m\u00e1s cercana.<\/p>\n<\/div>\n<\/div>\n<\/div>\n\n\n\n<div class=\"wp-block-group contacto has-white-background-color has-background is-vertical is-content-justification-center is-layout-flex wp-container-core-group-is-layout-6 wp-block-group-is-layout-flex\">\n<div class=\"wp-block-columns contact_col is-layout-flex wp-container-core-columns-is-layout-4 wp-block-columns-is-layout-flex\">\n<div class=\"wp-block-column is-layout-flow wp-block-column-is-layout-flow\"><div class=\"wp-block-image\">\n<figure class=\"aligncenter size-full is-resized\"><img decoding=\"async\" src=\"https:\/\/evaluacion.bancrecer.com.ve\/wp-content\/uploads\/2025\/04\/Vector-2.png\" alt=\"\" class=\"wp-image-685\" style=\"object-fit:cover;width:35px;height:35px\"\/><\/figure><\/div>\n\n\n<p class=\"has-text-align-center has-small-font-size\">Tel\u00e9fonos<br>0 500 CRECE YA (2732392)<br>\u00d3 0212-6108888<\/p>\n<\/div>\n\n\n\n<div class=\"wp-block-column is-layout-flow wp-block-column-is-layout-flow\"><div class=\"wp-block-image\">\n<figure class=\"aligncenter size-full is-resized\"><img decoding=\"async\" src=\"https:\/\/evaluacion.bancrecer.com.ve\/wp-content\/uploads\/2025\/04\/ic_outline-whatsapp.png\" alt=\"\" class=\"wp-image-686\" style=\"object-fit:cover;width:35px;height:35px\"\/><\/figure><\/div>\n\n\n<p class=\"has-text-align-center has-small-font-size\">WhatsApp<br>0414-2732392<\/p>\n<\/div>\n\n\n\n<div class=\"wp-block-column is-layout-flow wp-block-column-is-layout-flow\"><div class=\"wp-block-image\">\n<figure class=\"aligncenter size-full is-resized\"><img decoding=\"async\" src=\"https:\/\/evaluacion.bancrecer.com.ve\/wp-content\/uploads\/2025\/04\/ic_baseline-schedule.png\" alt=\"\" class=\"wp-image-687\" style=\"object-fit:cover;width:35px;height:35px\"\/><\/figure><\/div>\n\n\n<p class=\"has-text-align-center has-small-font-size\">Horario de atenci\u00f3n<br>Lun &#8211; Vie de 9:00 P.M viernes de 7:00 A.M<br>S\u00e1bados, domingos y feriados<br>de 9:00 A.M a 6:00 P.M<\/p>\n<\/div>\n\n\n\n<div class=\"wp-block-column is-layout-flow wp-block-column-is-layout-flow\"><div class=\"wp-block-image\">\n<figure class=\"aligncenter size-full is-resized\"><img decoding=\"async\" src=\"https:\/\/evaluacion.bancrecer.com.ve\/wp-content\/uploads\/2025\/04\/lets-icons_e-mail.png\" alt=\"\" class=\"wp-image-688\" style=\"object-fit:cover;width:35px;height:35px\"\/><\/figure><\/div>\n\n\n<p class=\"has-text-align-center has-small-font-size\">Correo electr\u00f3nico<br>atenci\u00f3n.cliente@bancrecer.com.ve<\/p>\n<\/div>\n<\/div>\n<\/div>\n<\/div>\n<\/div>\n\n\n\n<p><\/p>\n<\/div><\/div>\n\n\n\n<div class=\"wp-block-group col_footer_t has-black-background-color has-background is-vertical is-content-justification-left is-nowrap is-layout-flex wp-container-core-group-is-layout-8 wp-block-group-is-layout-flex\">\n<p class=\"has-white-color has-text-color has-link-color has-small-font-size wp-elements-25322a181add72a0e2664bb06fbddb70\">Bancrecer, S.A. Banco Microfinanciero no env\u00eda correos electr\u00f3nicos para verificar datos o solicitarle informaci\u00f3n como: nombres de usuario, claves de acceso, n\u00fameros de cuenta o tarjetas, o cualquier dato confidencial.<\/p>\n\n\n\n<p class=\"has-white-color has-text-color has-link-color has-small-font-size wp-elements-778531f9fa5c7cbb3f171f631805d00d\">Si recibe alg\u00fan correo electr\u00f3nico o mensaje sospechoso, notif\u00edquelo de inmediato a trav\u00e9s de nuestros canales de atenci\u00f3n.<\/p>\n\n\n\n<p class=\"has-white-color has-text-color has-link-color has-small-font-size wp-elements-b0063f385f514aaa145cd3aadaf5c4bc\">Esta es una cuenta de correo no monitoreada, por favor, no responda o reenv\u00ede este mensaje.<\/p>\n<\/div>\n\n\n\n<style>\n.hero_fin {\n  width: 100%;\n  min-height: 400px;\n  margin: 0 auto;\n  padding: 60px 20px;\n  text-align: center;\n  background: url('https:\/\/evaluacion.bancrecer.com.ve\/wp-content\/uploads\/2025\/04\/circles-1.png') no-repeat center center;\n  background-size: cover;\n  box-shadow: 0 8px 20px rgba(0, 0, 0, 0.1);\n}\n\n\n\n\n.hero_fin h1, .hero_fin h2 {\n  font-family: 'Plus Jakarta Sans', sans-serif;\n  font-weight: 700;\n  color: #333;\n  margin-bottom: 20px;\n}\n\n.hero_fin p {\n  font-family: 'Plus Jakarta Sans', sans-serif;\n  font-weight: 400;\n  color: #737A86;\n  font-size: 16px;\n  line-height: 1.5;\n  margin-bottom: 30px;\n}\n\n.hero_fin .boton {\n  background-color: #E53B40;\n  color: white;\n  border: none;\n  padding: 14px 30px;\n  border-radius: 10px;\n  font-family: 'Plus Jakarta Sans', sans-serif;\n  font-size: 16px;\n  font-weight: 600;\n  cursor: pointer;\n  transition: background 0.3s;\n}\n\n.hero_fin .boton:hover {\n  background-color: #C2302E;\n}\n\n\nbody .is-layout-flex {\n    display: flex\n;\n    justify-content: center;\n}\n.col_entrar , .contact_col ,.col_footer_t{\npadding:4em;\n}\n\n.col_negra {\n  background: url('https:\/\/evaluacion.bancrecer.com.ve\/wp-content\/uploads\/2025\/04\/circles-1.png') no-repeat center center;\n  background-size: cover;\n  padding:6em;\n}\n\n\n\n.wp-block-image{\n    padding-bottom: 1em;\n\n}\n\n\n\n\/* Por defecto: mobile *\/\n.entrar_mobile {\n  display: block;\n}\n\n.entrar_desk {\n  display: none;\n}\n\n\/* A partir de 768px: desktop *\/\n@media (min-width: 768px) {\n  .entrar_mobile {\n    display: none;\n  }\n\n  .entrar_desk {\n    display: block;\n  }\n}\n\n.entrar_desk img{\nwidth:55%!important;\n    height: 100% !important;\n\n}\n\n<\/style>\n\n\n\n<p><\/p>\n","protected":false},"excerpt":{"rendered":"<p>Nuestra campa\u00f1a de microcr\u00e9dito de Julio ha finalizado \u00bfNo lograste entrar? Tu oportunidad puede estar m\u00e1s cerca de lo que crees. \u00a1Act\u00edvate para inicios de Agosto! \u00bfNo lograste entrar? \u00a1Act\u00edvate para inicios de Agosto! Tu oportunidad puede estar m\u00e1s cerca de lo que crees. \u00a1Mant\u00e9n tus datos actualizados para una mejor experiencia! Actualiza tu expedienteen [&hellip;]<\/p>\n","protected":false},"author":1,"featured_media":0,"parent":0,"menu_order":0,"comment_status":"closed","ping_status":"closed","template":"","meta":{"_acf_changed":false,"footnotes":""},"class_list":["post-2502","page","type-page","status-publish","hentry"],"acf":[],"_links":{"self":[{"href":"https:\/\/evaluacion.bancrecer.com.ve\/index.php\/wp-json\/wp\/v2\/pages\/2502","targetHints":{"allow":["GET"]}}],"collection":[{"href":"https:\/\/evaluacion.bancrecer.com.ve\/index.php\/wp-json\/wp\/v2\/pages"}],"about":[{"href":"https:\/\/evaluacion.bancrecer.com.ve\/index.php\/wp-json\/wp\/v2\/types\/page"}],"author":[{"embeddable":true,"href":"https:\/\/evaluacion.bancrecer.com.ve\/index.php\/wp-json\/wp\/v2\/users\/1"}],"replies":[{"embeddable":true,"href":"https:\/\/evaluacion.bancrecer.com.ve\/index.php\/wp-json\/wp\/v2\/comments?post=2502"}],"version-history":[{"count":51,"href":"https:\/\/evaluacion.bancrecer.com.ve\/index.php\/wp-json\/wp\/v2\/pages\/2502\/revisions"}],"predecessor-version":[{"id":9951,"href":"https:\/\/evaluacion.bancrecer.com.ve\/index.php\/wp-json\/wp\/v2\/pages\/2502\/revisions\/9951"}],"wp:attachment":[{"href":"https:\/\/evaluacion.bancrecer.com.ve\/index.php\/wp-json\/wp\/v2\/media?parent=2502"}],"curies":[{"name":"wp","href":"https:\/\/api.w.org\/{rel}","templated":true}]}}